{"id":28,"date":"2023-01-31T23:39:04","date_gmt":"2023-01-31T22:39:04","guid":{"rendered":"https:\/\/funfood-falkensee.de\/?page_id=28"},"modified":"2024-08-31T10:19:39","modified_gmt":"2024-08-31T08:19:39","slug":"zuckerwattemaschine","status":"publish","type":"page","link":"https:\/\/funfood-falkensee.de\/?page_id=28","title":{"rendered":"Zuckerwattemaschine"},"content":{"rendered":"\n<div class=\"wp-block-columns is-layout-flex wp-container-core-columns-is-layout-9d6595d7 wp-block-columns-is-layout-flex\">\n<div class=\"wp-block-column is-layout-flow wp-block-column-is-layout-flow\">\n<figure class=\"wp-block-image size-full\"><img loading=\"lazy\" decoding=\"async\" width=\"865\" height=\"919\" src=\"https:\/\/funfood-falkensee.de\/wp-content\/uploads\/2023\/02\/20230219_131107.jpg\" alt=\"\" class=\"wp-image-214\" srcset=\"https:\/\/funfood-falkensee.de\/wp-content\/uploads\/2023\/02\/20230219_131107.jpg 865w, https:\/\/funfood-falkensee.de\/wp-content\/uploads\/2023\/02\/20230219_131107-282x300.jpg 282w, https:\/\/funfood-falkensee.de\/wp-content\/uploads\/2023\/02\/20230219_131107-768x816.jpg 768w\" sizes=\"auto, (max-width: 865px) 100vw, 865px\" \/><\/figure>\n<\/div>\n\n\n\n<div class=\"wp-block-column is-layout-flow wp-block-column-is-layout-flow\">\n<p><strong>Beschreibung:<\/strong><\/p>\n\n\n\n<p>Zuckerwatte so einfach &#8211; Zucker einf\u00fcllen und los geht\u00b4s.<\/p>\n\n\n\n<p>Das Ger\u00e4t hat eine Haube\/Spuckschutz.<\/p>\n\n\n\n<p>Wir empfehlen die Verwendung von speziellen Zuckerwattest\u00e4ben, bei runden H\u00f6lzern (z.B. Schaschlikst\u00e4ben) haftet die Zuckerwatte nicht.<\/p>\n\n\n\n<p>Preis: s. <a href=\"https:\/\/funfood-falkensee.de\/?page_id=246\" data-type=\"page\" data-id=\"246\">Preisliste<\/a>.<\/p>\n<\/div>\n<\/div>\n\n\n\n<h3 class=\"wp-block-heading\">Anleitung<\/h3>\n\n\n\n<p><strong>Dieses Ger\u00e4t ist bitte ausschlie\u00dflich von Erwachsenen zu bedienen.<\/strong><\/p>\n\n\n\n<ul class=\"wp-block-list\">\n<li>On\/OFF \u2013 Knopf dr\u00fccken.<\/li>\n\n\n\n<li> Temperatur &#8211; Hebel auf Maximum drehen.<\/li>\n\n\n\n<li> 4 Minuten warten.<\/li>\n\n\n\n<li> 1 L\u00f6ffel (der mitgeliefert ist) Zucker in den drehenden Motor, in die Mitte; Kippen. Nach 30 Sekunden beginnt die Zuckerwatteherstellung.<\/li>\n\n\n\n<li> Das Holzst\u00e4bchen in der Schale drehen (den drehenden Motor dabei nicht ber\u00fchren); die Zuckerwattef\u00e4den bleiben an dem St\u00e4bchen kleben.<\/li>\n\n\n\n<li> Ger\u00e4t nach Herstellung ausschalten und abk\u00fchlen lassen.<\/li>\n<\/ul>\n","protected":false},"excerpt":{"rendered":"<p>Beschreibung: Zuckerwatte so einfach &#8211; Zucker einf\u00fcllen und los geht\u00b4s. [&hellip;]<\/p>\n","protected":false},"author":1,"featured_media":0,"parent":42,"menu_order":0,"comment_status":"closed","ping_status":"closed","template":"","meta":{"footnotes":""},"class_list":["post-28","page","type-page","status-publish","hentry"],"_links":{"self":[{"href":"https:\/\/funfood-falkensee.de\/index.php?rest_route=\/wp\/v2\/pages\/28","targetHints":{"allow":["GET"]}}],"collection":[{"href":"https:\/\/funfood-falkensee.de\/index.php?rest_route=\/wp\/v2\/pages"}],"about":[{"href":"https:\/\/funfood-falkensee.de\/index.php?rest_route=\/wp\/v2\/types\/page"}],"author":[{"embeddable":true,"href":"https:\/\/funfood-falkensee.de\/index.php?rest_route=\/wp\/v2\/users\/1"}],"replies":[{"embeddable":true,"href":"https:\/\/funfood-falkensee.de\/index.php?rest_route=%2Fwp%2Fv2%2Fcomments&post=28"}],"version-history":[{"count":13,"href":"https:\/\/funfood-falkensee.de\/index.php?rest_route=\/wp\/v2\/pages\/28\/revisions"}],"predecessor-version":[{"id":479,"href":"https:\/\/funfood-falkensee.de\/index.php?rest_route=\/wp\/v2\/pages\/28\/revisions\/479"}],"up":[{"embeddable":true,"href":"https:\/\/funfood-falkensee.de\/index.php?rest_route=\/wp\/v2\/pages\/42"}],"wp:attachment":[{"href":"https:\/\/funfood-falkensee.de\/index.php?rest_route=%2Fwp%2Fv2%2Fmedia&parent=28"}],"curies":[{"name":"wp","href":"https:\/\/api.w.org\/{rel}","templated":true}]}}