{"id":30,"date":"2023-01-31T23:39:33","date_gmt":"2023-01-31T22:39:33","guid":{"rendered":"https:\/\/funfood-falkensee.de\/?page_id=30"},"modified":"2024-08-31T10:19:22","modified_gmt":"2024-08-31T08:19:22","slug":"zuckerwattewagen","status":"publish","type":"page","link":"https:\/\/funfood-falkensee.de\/?page_id=30","title":{"rendered":"Zuckerwattewagen"},"content":{"rendered":"\n<div class=\"wp-block-columns is-layout-flex wp-container-core-columns-is-layout-9d6595d7 wp-block-columns-is-layout-flex\">\n<div class=\"wp-block-column is-layout-flow wp-block-column-is-layout-flow\">\n<figure class=\"wp-block-image size-large\"><img loading=\"lazy\" decoding=\"async\" width=\"473\" height=\"1024\" src=\"https:\/\/funfood-falkensee.de\/wp-content\/uploads\/2023\/02\/167742467471916015-473x1024.jpg\" alt=\"\" class=\"wp-image-274\" srcset=\"https:\/\/funfood-falkensee.de\/wp-content\/uploads\/2023\/02\/167742467471916015-473x1024.jpg 473w, https:\/\/funfood-falkensee.de\/wp-content\/uploads\/2023\/02\/167742467471916015-138x300.jpg 138w, https:\/\/funfood-falkensee.de\/wp-content\/uploads\/2023\/02\/167742467471916015-768x1664.jpg 768w, https:\/\/funfood-falkensee.de\/wp-content\/uploads\/2023\/02\/167742467471916015-709x1536.jpg 709w, https:\/\/funfood-falkensee.de\/wp-content\/uploads\/2023\/02\/167742467471916015-945x2048.jpg 945w, https:\/\/funfood-falkensee.de\/wp-content\/uploads\/2023\/02\/167742467471916015-scaled.jpg 1181w\" sizes=\"auto, (max-width: 473px) 100vw, 473px\" \/><\/figure>\n<\/div>\n\n\n\n<div class=\"wp-block-column is-layout-flow wp-block-column-is-layout-flow\">\n<p><strong>Beschreibung:<\/strong><\/p>\n\n\n\n<p>Zuckerwatte so einfach &#8211; Zucker einf\u00fcllen und los geht\u00b4s.<\/p>\n\n\n\n<p>Schau Dir das Video an und staune wie einfach man Zuckerwatte herstellen kann.<\/p>\n\n\n\n<p>Wir empfehlen die Verwendung von speziellen Zuckerwattest\u00e4ben, bei runden H\u00f6lzern (z.B. Schaschlikst\u00e4ben) haftet die Zuckerwatte nicht.<\/p>\n\n\n\n<p>Preis: s. <a href=\"https:\/\/funfood-falkensee.de\/?page_id=246\" data-type=\"page\" data-id=\"246\">Preisliste<\/a>.<\/p>\n<\/div>\n<\/div>\n\n\n\n<h3 class=\"wp-block-heading\">Anleitung<\/h3>\n\n\n\n<p><strong>Dieses Ger\u00e4t ist bitte ausschlie\u00dflich von Erwachsenen zu bedienen.<\/strong><\/p>\n\n\n\n<p><\/p>\n\n\n\n<ul class=\"wp-block-list\">\n<li>Pr\u00fcfen ob das Ger\u00e4t stabil steht<\/li>\n\n\n\n<li>Power-Knopf dr\u00fccken. <\/li>\n\n\n\n<li>1-2 Minuten warten.<\/li>\n\n\n\n<li>Heat-Knopf dr\u00fccken<\/li>\n\n\n\n<li>weitere 4-5 Minuten warten.<\/li>\n\n\n\n<li>Einen L\u00f6ffel ( ist mitgeliefert) Zucker die drehende Mulde in der Mitte kippen. Nach ca. 30 Sekunden beginnt die Zuckerwatteherstellung<\/li>\n\n\n\n<li>mit einem Holzstab die Zuckerwattef\u00e4den aufrollen, dabei den drehenden Motor nicht ber\u00fchren.<\/li>\n\n\n\n<li> Ger\u00e4t nach Herstellung ausschalten und abk\u00fchlen lassen.<\/li>\n<\/ul>\n\n\n\n<p><\/p>\n\n\n\n<figure class=\"wp-block-video\"><video height=\"480\" style=\"aspect-ratio: 560 \/ 480;\" width=\"560\" controls src=\"https:\/\/funfood-falkensee.de\/wp-content\/uploads\/2023\/02\/Zuckerwatte.mp4\"><\/video><\/figure>\n","protected":false},"excerpt":{"rendered":"<p>Beschreibung: Zuckerwatte so einfach &#8211; Zucker einf\u00fcllen und los geht\u00b4s. [&hellip;]<\/p>\n","protected":false},"author":1,"featured_media":0,"parent":42,"menu_order":0,"comment_status":"closed","ping_status":"closed","template":"","meta":{"footnotes":""},"class_list":["post-30","page","type-page","status-publish","hentry"],"_links":{"self":[{"href":"https:\/\/funfood-falkensee.de\/index.php?rest_route=\/wp\/v2\/pages\/30","targetHints":{"allow":["GET"]}}],"collection":[{"href":"https:\/\/funfood-falkensee.de\/index.php?rest_route=\/wp\/v2\/pages"}],"about":[{"href":"https:\/\/funfood-falkensee.de\/index.php?rest_route=\/wp\/v2\/types\/page"}],"author":[{"embeddable":true,"href":"https:\/\/funfood-falkensee.de\/index.php?rest_route=\/wp\/v2\/users\/1"}],"replies":[{"embeddable":true,"href":"https:\/\/funfood-falkensee.de\/index.php?rest_route=%2Fwp%2Fv2%2Fcomments&post=30"}],"version-history":[{"count":11,"href":"https:\/\/funfood-falkensee.de\/index.php?rest_route=\/wp\/v2\/pages\/30\/revisions"}],"predecessor-version":[{"id":478,"href":"https:\/\/funfood-falkensee.de\/index.php?rest_route=\/wp\/v2\/pages\/30\/revisions\/478"}],"up":[{"embeddable":true,"href":"https:\/\/funfood-falkensee.de\/index.php?rest_route=\/wp\/v2\/pages\/42"}],"wp:attachment":[{"href":"https:\/\/funfood-falkensee.de\/index.php?rest_route=%2Fwp%2Fv2%2Fmedia&parent=30"}],"curies":[{"name":"wp","href":"https:\/\/api.w.org\/{rel}","templated":true}]}}