{"id":34,"date":"2023-01-31T23:41:04","date_gmt":"2023-01-31T22:41:04","guid":{"rendered":"https:\/\/funfood-falkensee.de\/?page_id=34"},"modified":"2024-07-11T07:33:26","modified_gmt":"2024-07-11T05:33:26","slug":"grosse-slush-maschine","status":"publish","type":"page","link":"https:\/\/funfood-falkensee.de\/?page_id=34","title":{"rendered":"Gro\u00dfe Slush Maschine"},"content":{"rendered":"\n<div class=\"wp-block-columns is-layout-flex wp-container-core-columns-is-layout-9d6595d7 wp-block-columns-is-layout-flex\">\n<div class=\"wp-block-column is-layout-flow wp-block-column-is-layout-flow\">\n<figure class=\"wp-block-image size-full\"><img loading=\"lazy\" decoding=\"async\" width=\"699\" height=\"913\" src=\"https:\/\/funfood-falkensee.de\/wp-content\/uploads\/2023\/02\/20230219_131604.jpg\" alt=\"\" class=\"wp-image-216\" srcset=\"https:\/\/funfood-falkensee.de\/wp-content\/uploads\/2023\/02\/20230219_131604.jpg 699w, https:\/\/funfood-falkensee.de\/wp-content\/uploads\/2023\/02\/20230219_131604-230x300.jpg 230w\" sizes=\"auto, (max-width: 699px) 100vw, 699px\" \/><\/figure>\n<\/div>\n\n\n\n<div class=\"wp-block-column is-layout-flow wp-block-column-is-layout-flow\">\n<p><strong>Beschreibung:<br><\/strong>Gro\u00dfe Maschine mit zwei Kammern je zehn Liter Inhalt. Ideal f\u00fcr gro\u00dfe Feiern oder Feste.<\/p>\n\n\n\n<p>Leckeres Slushy in nur ein bis zwei Stunden. Einfach Sirup und Wasser mischen und los gehts (s. Anleitung).<\/p>\n\n\n\n<p>Der Sirup in verschiedenen Geschmacksrichtungen ist auch bei uns erh\u00e4ltlich. F\u00fcr die Gro\u00dfen gibt es sogar Cocktailsirup (ohne Alkohol, kann aber beigemischt werden).<\/p>\n\n\n\n<p>Das Ger\u00e4t wiegt ca. 50 kG und darf nur stehend transportiert werden. <\/p>\n\n\n\n<p><strong>Mietpreis<\/strong>: <strong><a href=\"https:\/\/funfood-falkensee.de\/?page_id=246\" data-type=\"page\" data-id=\"246\"> s. Preisliste<\/a><\/strong><\/p>\n<\/div>\n<\/div>\n\n\n\n<p><\/p>\n\n\n\n<h3 class=\"wp-block-heading\"><strong>Bedienungsanleitung Slush-Maschine 2x 10L<\/strong><\/h3>\n\n\n\n<p><\/p>\n\n\n\n<p><strong>Dieses Ger\u00e4t ist bitte ausschlie\u00dflich von Erwachsenen zu bedienen.<\/strong><\/p>\n\n\n\n<ul class=\"wp-block-list\">\n<li>Sorgen Sie f\u00fcr einen sicheren Stand der Maschine.<\/li>\n\n\n\n<li>Schlie\u00dfen Sie die Maschine an eine vorschriftsm\u00e4\u00dfig geerdete Steckdose (230 Volt) an.<\/li>\n\n\n\n<li>Achten Sie darauf das die Maschine keiner direkten Sonnenstrahlung oder zu hoher<br>Hitze ausgesetzt wird. (Stellen Sie die Maschine z.B. unter einen Sonnenschirm)<\/li>\n\n\n\n<li>F\u00fcllen Sie etwas Wasser in die Beh\u00e4lter, um zu sehen ob alles gut abgedichtet ist. Das Wasser kann in dem Beh\u00e4ltern verbleiben.<\/li>\n<\/ul>\n\n\n\n<p><strong>Achtung: Das Ger\u00e4t bitte 1,5 &#8211; 2 Stunden vorher in Betrieb nehmen.<\/strong><\/p>\n\n\n\n<p>Mischen Sie in dem mitgelieferten 5 L Messbecher den Sirup mit Wasser<\/p>\n\n\n\n<p>ca. 1,6 L Sirup + 8,4 L Wasser (Empfehlung, Mischverh\u00e4ltnis 1:6<\/p>\n\n\n\n<ul class=\"wp-block-list\">\n<li>Verr\u00fchren Sie alles gut und gie\u00dfen Sie die Fl\u00fcssigkeit in eine Slush- Kammer. F\u00fcllen Sie das restliche Wasser auf.<\/li>\n\n\n\n<li>Schalter auf \u201eNormal Mode\u201c und \u201eMixing\u201c stellen.<\/li>\n\n\n\n<li>Oberen Knopf \u201eMain Cooler\u201c bet\u00e4tigen.<\/li>\n\n\n\n<li>Die Slush Produktion beginnt.<\/li>\n<\/ul>\n\n\n\n<p>Viel Spa\u00df und eine tolle Feier<\/p>\n\n\n\n<p><\/p>\n\n\n\n<p><br><\/p>\n\n\n\n<p><br><\/p>\n","protected":false},"excerpt":{"rendered":"<p>Beschreibung:Gro\u00dfe Maschine mit zwei Kammern je zehn Liter Inhalt. Ideal [&hellip;]<\/p>\n","protected":false},"author":1,"featured_media":0,"parent":42,"menu_order":0,"comment_status":"closed","ping_status":"closed","template":"","meta":{"footnotes":""},"class_list":["post-34","page","type-page","status-publish","hentry"],"_links":{"self":[{"href":"https:\/\/funfood-falkensee.de\/index.php?rest_route=\/wp\/v2\/pages\/34","targetHints":{"allow":["GET"]}}],"collection":[{"href":"https:\/\/funfood-falkensee.de\/index.php?rest_route=\/wp\/v2\/pages"}],"about":[{"href":"https:\/\/funfood-falkensee.de\/index.php?rest_route=\/wp\/v2\/types\/page"}],"author":[{"embeddable":true,"href":"https:\/\/funfood-falkensee.de\/index.php?rest_route=\/wp\/v2\/users\/1"}],"replies":[{"embeddable":true,"href":"https:\/\/funfood-falkensee.de\/index.php?rest_route=%2Fwp%2Fv2%2Fcomments&post=34"}],"version-history":[{"count":17,"href":"https:\/\/funfood-falkensee.de\/index.php?rest_route=\/wp\/v2\/pages\/34\/revisions"}],"predecessor-version":[{"id":432,"href":"https:\/\/funfood-falkensee.de\/index.php?rest_route=\/wp\/v2\/pages\/34\/revisions\/432"}],"up":[{"embeddable":true,"href":"https:\/\/funfood-falkensee.de\/index.php?rest_route=\/wp\/v2\/pages\/42"}],"wp:attachment":[{"href":"https:\/\/funfood-falkensee.de\/index.php?rest_route=%2Fwp%2Fv2%2Fmedia&parent=34"}],"curies":[{"name":"wp","href":"https:\/\/api.w.org\/{rel}","templated":true}]}}