{"id":42,"date":"2023-01-31T23:42:33","date_gmt":"2023-01-31T22:42:33","guid":{"rendered":"https:\/\/funfood-falkensee.de\/?page_id=42"},"modified":"2023-03-27T15:33:29","modified_gmt":"2023-03-27T13:33:29","slug":"meine-maschinen","status":"publish","type":"page","link":"https:\/\/funfood-falkensee.de\/?page_id=42","title":{"rendered":"Meine Ger\u00e4te"},"content":{"rendered":"\n<p>Ich habe f\u00fcr euch verschiedenste Ger\u00e4te zur Miete zur Auswahl. <\/p>\n\n\n\n<p>Auf den einzelnen Seiten k\u00f6nnt ihr euch \u00fcber die Ger\u00e4te erkundigen und mir auch eine Mietanfrage schicken. <\/p>\n\n\n\n<div class=\"wp-block-columns is-layout-flex wp-container-core-columns-is-layout-9d6595d7 wp-block-columns-is-layout-flex\">\n<div class=\"wp-block-column is-layout-flow wp-block-column-is-layout-flow\">\n<figure class=\"wp-block-image size-large\"><img loading=\"lazy\" decoding=\"async\" width=\"724\" height=\"1024\" src=\"https:\/\/funfood-falkensee.de\/wp-content\/uploads\/2023\/02\/20221120_145337-724x1024.jpg\" alt=\"\" class=\"wp-image-213\" srcset=\"https:\/\/funfood-falkensee.de\/wp-content\/uploads\/2023\/02\/20221120_145337-724x1024.jpg 724w, https:\/\/funfood-falkensee.de\/wp-content\/uploads\/2023\/02\/20221120_145337-212x300.jpg 212w, https:\/\/funfood-falkensee.de\/wp-content\/uploads\/2023\/02\/20221120_145337-768x1086.jpg 768w, https:\/\/funfood-falkensee.de\/wp-content\/uploads\/2023\/02\/20221120_145337-1086x1536.jpg 1086w, https:\/\/funfood-falkensee.de\/wp-content\/uploads\/2023\/02\/20221120_145337-1448x2048.jpg 1448w, https:\/\/funfood-falkensee.de\/wp-content\/uploads\/2023\/02\/20221120_145337-scaled.jpg 1810w\" sizes=\"auto, (max-width: 724px) 100vw, 724px\" \/><\/figure>\n<\/div>\n\n\n\n<div class=\"wp-block-column is-layout-flow wp-block-column-is-layout-flow\">\n<figure class=\"wp-block-image size-large\"><img loading=\"lazy\" decoding=\"async\" width=\"473\" height=\"1024\" src=\"https:\/\/funfood-falkensee.de\/wp-content\/uploads\/2023\/02\/167742467471916015-473x1024.jpg\" alt=\"\" class=\"wp-image-274\" srcset=\"https:\/\/funfood-falkensee.de\/wp-content\/uploads\/2023\/02\/167742467471916015-473x1024.jpg 473w, https:\/\/funfood-falkensee.de\/wp-content\/uploads\/2023\/02\/167742467471916015-138x300.jpg 138w, https:\/\/funfood-falkensee.de\/wp-content\/uploads\/2023\/02\/167742467471916015-768x1664.jpg 768w, https:\/\/funfood-falkensee.de\/wp-content\/uploads\/2023\/02\/167742467471916015-709x1536.jpg 709w, https:\/\/funfood-falkensee.de\/wp-content\/uploads\/2023\/02\/167742467471916015-945x2048.jpg 945w, https:\/\/funfood-falkensee.de\/wp-content\/uploads\/2023\/02\/167742467471916015-scaled.jpg 1181w\" sizes=\"auto, (max-width: 473px) 100vw, 473px\" \/><\/figure>\n<\/div>\n\n\n\n<div class=\"wp-block-column is-layout-flow wp-block-column-is-layout-flow\">\n<figure class=\"wp-block-image size-large\"><img loading=\"lazy\" decoding=\"async\" width=\"828\" height=\"1024\" src=\"https:\/\/funfood-falkensee.de\/wp-content\/uploads\/2023\/02\/167742527369216020-828x1024.jpg\" alt=\"\" class=\"wp-image-279\" srcset=\"https:\/\/funfood-falkensee.de\/wp-content\/uploads\/2023\/02\/167742527369216020-828x1024.jpg 828w, https:\/\/funfood-falkensee.de\/wp-content\/uploads\/2023\/02\/167742527369216020-242x300.jpg 242w, https:\/\/funfood-falkensee.de\/wp-content\/uploads\/2023\/02\/167742527369216020-768x950.jpg 768w, https:\/\/funfood-falkensee.de\/wp-content\/uploads\/2023\/02\/167742527369216020-1242x1536.jpg 1242w, https:\/\/funfood-falkensee.de\/wp-content\/uploads\/2023\/02\/167742527369216020.jpg 1632w\" sizes=\"auto, (max-width: 828px) 100vw, 828px\" \/><\/figure>\n<\/div>\n<\/div>\n\n\n\n<div class=\"wp-block-columns is-layout-flex wp-container-core-columns-is-layout-9d6595d7 wp-block-columns-is-layout-flex\">\n<div class=\"wp-block-column is-layout-flow wp-block-column-is-layout-flow\">\n<figure class=\"wp-block-image size-full\"><img loading=\"lazy\" decoding=\"async\" width=\"699\" height=\"913\" src=\"https:\/\/funfood-falkensee.de\/wp-content\/uploads\/2023\/02\/20230219_131604.jpg\" alt=\"\" class=\"wp-image-216\" srcset=\"https:\/\/funfood-falkensee.de\/wp-content\/uploads\/2023\/02\/20230219_131604.jpg 699w, https:\/\/funfood-falkensee.de\/wp-content\/uploads\/2023\/02\/20230219_131604-230x300.jpg 230w\" sizes=\"auto, (max-width: 699px) 100vw, 699px\" \/><\/figure>\n<\/div>\n\n\n\n<div class=\"wp-block-column is-layout-flow wp-block-column-is-layout-flow\">\n<figure class=\"wp-block-image size-full\"><img loading=\"lazy\" decoding=\"async\" width=\"902\" height=\"902\" src=\"https:\/\/funfood-falkensee.de\/wp-content\/uploads\/2023\/02\/20230219_131521.jpg\" alt=\"\" class=\"wp-image-215\" srcset=\"https:\/\/funfood-falkensee.de\/wp-content\/uploads\/2023\/02\/20230219_131521.jpg 902w, https:\/\/funfood-falkensee.de\/wp-content\/uploads\/2023\/02\/20230219_131521-300x300.jpg 300w, https:\/\/funfood-falkensee.de\/wp-content\/uploads\/2023\/02\/20230219_131521-150x150.jpg 150w, https:\/\/funfood-falkensee.de\/wp-content\/uploads\/2023\/02\/20230219_131521-768x768.jpg 768w\" sizes=\"auto, (max-width: 902px) 100vw, 902px\" \/><\/figure>\n<\/div>\n\n\n\n<div class=\"wp-block-column is-layout-flow wp-block-column-is-layout-flow\">\n<figure class=\"wp-block-image size-full\"><img loading=\"lazy\" decoding=\"async\" width=\"857\" height=\"915\" src=\"https:\/\/funfood-falkensee.de\/wp-content\/uploads\/2023\/02\/20230121_055425-1.jpg\" alt=\"\" class=\"wp-image-110\" srcset=\"https:\/\/funfood-falkensee.de\/wp-content\/uploads\/2023\/02\/20230121_055425-1.jpg 857w, https:\/\/funfood-falkensee.de\/wp-content\/uploads\/2023\/02\/20230121_055425-1-281x300.jpg 281w, https:\/\/funfood-falkensee.de\/wp-content\/uploads\/2023\/02\/20230121_055425-1-768x820.jpg 768w\" sizes=\"auto, (max-width: 857px) 100vw, 857px\" \/><\/figure>\n<\/div>\n<\/div>\n\n\n\n<p>In Einer Miete bei mir ist die Endreinigung immer inklusive. <\/p>\n\n\n\n<p>Innerhalb von Falkensee liefere ich euch die Ger\u00e4te kostenlos. <\/p>\n","protected":false},"excerpt":{"rendered":"<p>Ich habe f\u00fcr euch verschiedenste Ger\u00e4te zur Miete zur Auswahl. [&hellip;]<\/p>\n","protected":false},"author":1,"featured_media":0,"parent":0,"menu_order":0,"comment_status":"closed","ping_status":"closed","template":"","meta":{"footnotes":""},"class_list":["post-42","page","type-page","status-publish","hentry"],"_links":{"self":[{"href":"https:\/\/funfood-falkensee.de\/index.php?rest_route=\/wp\/v2\/pages\/42","targetHints":{"allow":["GET"]}}],"collection":[{"href":"https:\/\/funfood-falkensee.de\/index.php?rest_route=\/wp\/v2\/pages"}],"about":[{"href":"https:\/\/funfood-falkensee.de\/index.php?rest_route=\/wp\/v2\/types\/page"}],"author":[{"embeddable":true,"href":"https:\/\/funfood-falkensee.de\/index.php?rest_route=\/wp\/v2\/users\/1"}],"replies":[{"embeddable":true,"href":"https:\/\/funfood-falkensee.de\/index.php?rest_route=%2Fwp%2Fv2%2Fcomments&post=42"}],"version-history":[{"count":9,"href":"https:\/\/funfood-falkensee.de\/index.php?rest_route=\/wp\/v2\/pages\/42\/revisions"}],"predecessor-version":[{"id":280,"href":"https:\/\/funfood-falkensee.de\/index.php?rest_route=\/wp\/v2\/pages\/42\/revisions\/280"}],"wp:attachment":[{"href":"https:\/\/funfood-falkensee.de\/index.php?rest_route=%2Fwp%2Fv2%2Fmedia&parent=42"}],"curies":[{"name":"wp","href":"https:\/\/api.w.org\/{rel}","templated":true}]}}