{"id":44,"date":"2023-01-31T23:45:04","date_gmt":"2023-01-31T22:45:04","guid":{"rendered":"https:\/\/funfood-falkensee.de\/?page_id=44"},"modified":"2024-06-23T11:30:54","modified_gmt":"2024-06-23T09:30:54","slug":"mein-service","status":"publish","type":"page","link":"https:\/\/funfood-falkensee.de\/?page_id=44","title":{"rendered":"Mein Service"},"content":{"rendered":"\n<p>Aus eigener Erfahrung wei\u00df ich, dass man mit Feiern immer viel um die Ohren hat, daher biete ich euch meinen Service an,  um die Miete meiner Ger\u00e4te so angenehm wie m\u00f6glich zu machen:<\/p>\n\n\n\n<ul class=\"wp-block-list\">\n<li>Ich bringe euch die Ger\u00e4te und hole sie auch wieder ab.<\/li>\n\n\n\n<li>Die Endreinigung ist in allen Preisen erhalten.<\/li>\n\n\n\n<li>Zus\u00e4tzlich biete ich gegen einen Aufpreis auch noch einige extra Services an:<br>&#8211; ihr k\u00f6nnt alle ben\u00f6tigten Materialien direkt \u00fcber mich beziehen. <br>&#8211; Ich werde vor Ort die Zubereitung des Fun Foods \u00fcbernehmen.<br>&#8211; Ich packe f\u00fcr eure G\u00e4ste \u00dcberraschungst\u00fcten.<br><\/li>\n<\/ul>\n\n\n\n<p>Alles frei nach dem Motto einfach feiern und genie\u00dfen.<\/p>\n","protected":false},"excerpt":{"rendered":"<p>Aus eigener Erfahrung wei\u00df ich, dass man mit Feiern immer [&hellip;]<\/p>\n","protected":false},"author":1,"featured_media":0,"parent":0,"menu_order":-1,"comment_status":"closed","ping_status":"closed","template":"","meta":{"footnotes":""},"class_list":["post-44","page","type-page","status-publish","hentry"],"_links":{"self":[{"href":"https:\/\/funfood-falkensee.de\/index.php?rest_route=\/wp\/v2\/pages\/44","targetHints":{"allow":["GET"]}}],"collection":[{"href":"https:\/\/funfood-falkensee.de\/index.php?rest_route=\/wp\/v2\/pages"}],"about":[{"href":"https:\/\/funfood-falkensee.de\/index.php?rest_route=\/wp\/v2\/types\/page"}],"author":[{"embeddable":true,"href":"https:\/\/funfood-falkensee.de\/index.php?rest_route=\/wp\/v2\/users\/1"}],"replies":[{"embeddable":true,"href":"https:\/\/funfood-falkensee.de\/index.php?rest_route=%2Fwp%2Fv2%2Fcomments&post=44"}],"version-history":[{"count":6,"href":"https:\/\/funfood-falkensee.de\/index.php?rest_route=\/wp\/v2\/pages\/44\/revisions"}],"predecessor-version":[{"id":419,"href":"https:\/\/funfood-falkensee.de\/index.php?rest_route=\/wp\/v2\/pages\/44\/revisions\/419"}],"wp:attachment":[{"href":"https:\/\/funfood-falkensee.de\/index.php?rest_route=%2Fwp%2Fv2%2Fmedia&parent=44"}],"curies":[{"name":"wp","href":"https:\/\/api.w.org\/{rel}","templated":true}]}}